{"id":1062,"date":"2025-05-08T17:19:38","date_gmt":"2025-05-08T17:19:38","guid":{"rendered":"https:\/\/centroelectrofrio.com\/?post_type=product&#038;p=1062"},"modified":"2026-03-23T15:36:26","modified_gmt":"2026-03-23T15:36:26","slug":"mantenimiento-preventivo-y-revision-general-de-cinco-unidades-en-adelante","status":"publish","type":"product","link":"https:\/\/centroelectrofrio.com\/?product=mantenimiento-preventivo-y-revision-general-de-cinco-unidades-en-adelante","title":{"rendered":"Mantenimiento preventivo y revisi\u00f3n general de 5 unidades aires acondicionados."},"content":{"rendered":"<p>[et_pb_section bb_built=\u00bb1&#8243;][et_pb_row][et_pb_column type=\u00bb4_4&#8243;][et_pb_text]<\/p>\n<p>Mantenimientos preventivos y revisi\u00f3n general de equipos aires acondicionados (Programados en una sola visita)<\/p>\n<p>&nbsp;<\/p>\n<p>[\/et_pb_text][\/et_pb_column][\/et_pb_row][\/et_pb_section]<\/p>\n","protected":false},"excerpt":{"rendered":"<ul>\n<li>Horario de lunes a viernes 8:00 a 4:00 p.m<\/li>\n<li>Precios var\u00edan seg\u00fan departamento y zona (Cotiza con nosotros)<\/li>\n<li>Solicita tu oferta personalizada.<\/li>\n<li>Mantenimientos preventivos y revisi\u00f3n general de equipos aires acondicionados (Programados en una sola visita)<\/li>\n<li>Capacidad 12,000 BTU a 24,000 BTU<\/li>\n<li>tipo Mini split<\/li>\n<li>Costo del servicio depender\u00e1 de evaluaci\u00f3n t\u00e9cnica<\/li>\n<li>Costo var\u00edan seg\u00fan departamento o zona<\/li>\n<li>Siempre se revisa el nivel de suciedad en las unidades, verificando fecha de ultima visita.<\/li>\n<li>Precios pueden variar en Residenciales y proyectos.<\/li>\n<\/ul>\n","protected":false},"featured_media":1099,"template":"","meta":{"_et_pb_use_builder":"on","_et_pb_old_content":"<ul>\r\n \t<li>Mantenimientos preventivos y revisi\u00f3n general de equipos aires acondicionados (Programados en una sola visita)<\/li>\r\n \t<li>Capacidad 12,000 BTU a 24,000 BTU<\/li>\r\n \t<li>tipo Mini split<\/li>\r\n \t<li>Costo del servicio depender\u00e1 de evaluaci\u00f3n t\u00e9cnica<\/li>\r\n \t<li>Costo var\u00edan seg\u00fan departamento o zona<\/li>\r\n \t<li>Siempre se revisa el nivel de suciedad en las unidades, verificando fecha de ultima visita.<\/li>\r\n \t<li>Precios pueden variar en Residenciales y proyectos.<\/li>\r\n<\/ul>\r\nRango de precios $ 35.00 dependiendo el nivel de suciedad.\r\n<ul>\r\n \t<li>En caso de necesitar una limpieza m\u00e1s profunda se traslada cotizaci\u00f3n formal al cliente.<\/li>\r\n<\/ul>\r\n&nbsp;","_et_gb_content_width":""},"product_cat":[34],"product_tag":[],"class_list":{"0":"post-1062","1":"product","2":"type-product","3":"status-publish","4":"has-post-thumbnail","6":"product_cat-climatizacion","8":"first","9":"instock","10":"shipping-taxable","11":"purchasable","12":"product-type-simple"},"_links":{"self":[{"href":"https:\/\/centroelectrofrio.com\/index.php?rest_route=\/wp\/v2\/product\/1062","targetHints":{"allow":["GET"]}}],"collection":[{"href":"https:\/\/centroelectrofrio.com\/index.php?rest_route=\/wp\/v2\/product"}],"about":[{"href":"https:\/\/centroelectrofrio.com\/index.php?rest_route=\/wp\/v2\/types\/product"}],"wp:featuredmedia":[{"embeddable":true,"href":"https:\/\/centroelectrofrio.com\/index.php?rest_route=\/wp\/v2\/media\/1099"}],"wp:attachment":[{"href":"https:\/\/centroelectrofrio.com\/index.php?rest_route=%2Fwp%2Fv2%2Fmedia&parent=1062"}],"wp:term":[{"taxonomy":"product_cat","embeddable":true,"href":"https:\/\/centroelectrofrio.com\/index.php?rest_route=%2Fwp%2Fv2%2Fproduct_cat&post=1062"},{"taxonomy":"product_tag","embeddable":true,"href":"https:\/\/centroelectrofrio.com\/index.php?rest_route=%2Fwp%2Fv2%2Fproduct_tag&post=1062"}],"curies":[{"name":"wp","href":"https:\/\/api.w.org\/{rel}","templated":true}]}}